{"id":2068,"date":"2020-08-09T22:40:56","date_gmt":"2020-08-09T22:40:56","guid":{"rendered":"http:\/\/juarezplasticsurgery.com\/?page_id=2068"},"modified":"2020-08-10T00:24:41","modified_gmt":"2020-08-10T00:24:41","slug":"thermage-cuerpo-y-cara","status":"publish","type":"page","link":"https:\/\/juarezplasticsurgery.com\/index.php\/thermage-cuerpo-y-cara\/","title":{"rendered":"Thermage cuerpo y cara"},"content":{"rendered":"\n\t\t<div data-scrolling-effect='parallax' data-focal-point='{\"x\":0.5,\"y\":0.5}' data-final-focal-point='{\"x\":0.5,\"y\":0.5}' data-initial-background-scale=\"1\"data-final-background-scale=\"1\" data-smooth-start=\"1\" data-smooth-end=\"1\" \t\t\tclass=\"novablocks-hero novablocks-doppler alignfull novablocks-u-valign-center novablocks-u-halign-center novablocks-u-spacing-medium novablocks-u-content-width-large novablocks-u-background novablocks-u-background-dark scrolling-effect-parallax\"\n\t\t\tstyle=\"--novablocks-hero-text-color: #FFF;min-height: calc(100* var(--novablocks-1vh, 1vh)); \"\n\t\t>\n\n\t\t\t\n            <div class=\"novablocks-mask\">\n\t            <img width=\"2048\" height=\"1583\" src=\"https:\/\/juarezplasticsurgery.com\/wp-content\/uploads\/2020\/08\/before-and-after-thermage-2.jpg\" class=\"novablocks-parallax\" alt=\"Thermage\" loading=\"lazy\" style=\"object-position: 50% 50%;opacity: 0.7; \" srcset=\"https:\/\/juarezplasticsurgery.com\/wp-content\/uploads\/2020\/08\/before-and-after-thermage-2.jpg 2048w, https:\/\/juarezplasticsurgery.com\/wp-content\/uploads\/2020\/08\/before-and-after-thermage-2-300x232.jpg 300w, https:\/\/juarezplasticsurgery.com\/wp-content\/uploads\/2020\/08\/before-and-after-thermage-2-1024x792.jpg 1024w, https:\/\/juarezplasticsurgery.com\/wp-content\/uploads\/2020\/08\/before-and-after-thermage-2-768x594.jpg 768w, https:\/\/juarezplasticsurgery.com\/wp-content\/uploads\/2020\/08\/before-and-after-thermage-2-1536x1187.jpg 1536w, https:\/\/juarezplasticsurgery.com\/wp-content\/uploads\/2020\/08\/before-and-after-thermage-2-250x193.jpg 250w, https:\/\/juarezplasticsurgery.com\/wp-content\/uploads\/2020\/08\/before-and-after-thermage-2-1366x1056.jpg 1366w, https:\/\/juarezplasticsurgery.com\/wp-content\/uploads\/2020\/08\/before-and-after-thermage-2-480x371.jpg 480w\" sizes=\"(max-width: 2048px) 100vw, 2048px\" \/>\n\t\t\t\t            <\/div>\n            <div class=\"novablocks-hero__foreground novablocks-foreground novablocks-u-content-padding novablocks-u-content-align\" style=\"min-height: calc(100 * var(--novablocks-1vh, 1vh)); \">\n                <div class=\"novablocks-hero__inner-container novablocks-u-content-width\" style=\"\">\n\t\t\t\t\t\n\n<h1 class=\"wp-block-novablocks-headline c-headline has-text-align-center has-larger-font-size\"><span class=\"c-headline__secondary\"><\/span> <span class=\"c-headline__primary\"><strong>Thermage cuerpo y cara<\/strong><\/span><\/h1>\n\n\n\n<p class=\"is-style-lead\">Disminuye  los signos visibles de envejecimiento en minutos<\/p>\n\n                <\/div>\n\t\t\t\t            <\/div>\n\n\t\t\t\n        <\/div>\n\n\t\t\n\n\n        <div class=\"novablocks-media novablocks-u-valign-center novablocks-media has-image-on-the-right is-style-default has-primary-accent-color alignfull\" style=\"--novablocks-block-top-spacing:0;--novablocks-block-bottom-spacing:0;--novablocks-emphasis-top-spacing:1;--novablocks-emphasis-bottom-spacing:1;--emphasis-area:100;--novablocks-media-content-width:50%;--novablocks-media-gutter:calc( 10 * var(--novablocks-spacing) * 5 \/ 100 )\">\n            <div class=\"content-is-moderate novablocks-block block-is-basic\">\n\t            <div class=\"wp-block-group__inner-container\">\n\t\t            <div class=\"wp-block alignwide\">\n\t\t                <div class=\"novablocks-media__layout\">\n\t\t\t\t\t\t\t\t\t\t\t\t\t\t\t<div class=\"novablocks-media__content\">\n\t\t\t\t\t\t\t\t\t<div class=\"novablocks-media__inner-container novablocks-block__content\">\n\t\t\t\t\t\t\t\t\t\t\n\n<h2 class=\"wp-block-novablocks-headline c-headline has-text-align-center has-larger-font-size\"><span class=\"c-headline__secondary\">M\u00e1s sobre<\/span> <span class=\"c-headline__primary\"><strong>Thermage<\/strong><\/span><\/h2>\n\n\n\t\t\t<div class=\"wp-block-separator is-style-decorative\">\n                \n        <div class=\"c-separator\">\n            <div class=\"c-separator__arrow c-separator__arrow--left\"><\/div>\n            <div class=\"c-separator__line c-separator__line--left\"><\/div>\n            <div class=\"c-separator__symbol\">\n                <span><svg width=\"31\" height=\"20\" viewBox=\"0 0 31 20\" fill=\"none\" xmlns=\"http:\/\/www.w3.org\/2000\/svg\"><path d=\"M30.721 6.3114c0 .599-.2647 1.1494-.7941 1.651-.5155.5016-1.2679.8777-2.2571 1.1285-5.6984 1.4768-8.7774 2.2153-9.2372 2.2153-.5434 0-.815-.1394-.815-.418 0-.2229.3204-.5294.9613-.9195.2647-.1672 1.1842-.6758 2.7586-1.5257 2.9816-1.6161 4.5072-2.4381 4.5768-2.466 1.3375-.6548 2.4243-.9822 3.2602-.9822 1.031 0 1.5465.4389 1.5465 1.3166zm-4.8485-3.1766c0 .4598-.3553 1.0031-1.0658 1.63-.3901.3345-1.3654 1.059-2.9258 2.1735-2.9676 2.1178-4.6604 3.1766-5.0784 3.1766-.209 0-.3762-.1393-.5016-.418l.2508-.585c.836-.8639 1.7346-1.8531 2.696-2.9677 1.0309-1.1982 1.637-1.8948 1.8181-2.0899 1.4908-1.5743 2.7796-2.3615 3.8663-2.3615.6269 0 .9404.4807.9404 1.442zm-9.0073-.9613c0 .195-.0975.7035-.2926 1.5256l-.7523 2.8422c-.2926 1.0867-.4668 1.9854-.5225 2.6959-.0279.404-.0627.6548-.1045.7523-.0418.1394-.1393.209-.2926.209-.1532 0-.2508-.0627-.2926-.1881 0-.0139-.0278-.195-.0835-.5433-.1394-.8499-.418-2.2292-.836-4.138-.3204-1.4071-.4807-2.4103-.4807-3.0094 0-.7105.1812-1.2748.5434-1.6927.3762-.418.8638-.627 1.4629-.627.4737 0 .8638.209 1.1703.627.3205.404.4807.9195.4807 1.5465zm-3.2602 7.9414c0 .2787-.1463.418-.4389.418-.1253 0-.5782-.3065-1.3584-.9195-.9334-.7245-2.0202-1.658-3.2602-2.8004a185.9607 185.9607 0 0 1-2.4451-2.2362c-.5852-.599-.8777-1.1634-.8777-1.6928 0-.404.1462-.7593.4388-1.0658.3065-.3065.6827-.4598 1.1286-.4598.6966 0 1.3305.3135 1.9017.9404.2648.2787.8011 1.052 1.6092 2.3198 2.2014 3.4134 3.302 5.2456 3.302 5.4963zm3.9081 3.4065c0 .5155-.209.9265-.627 1.233-.3065.209-.6061.411-.8986.6061-.209.2508-.3135 1.1982-.3135 2.8422 0 .6688-.0209 1.1146-.0627 1.3375-.0697.3065-.216.4598-.4389.4598-.195 0-.3135-.3622-.3553-1.0867-.0975-1.853-.1672-2.9955-.209-3.4274-.4597-.3344-.8289-.7245-1.1076-1.1703-.2229-.3762-.3344-.6827-.3344-.9196 0-.5573.2021-1.0449.6061-1.4629.418-.4319.8917-.6478 1.4211-.6478.6688 0 1.2191.2159 1.651.6478.4458.4319.6688.9614.6688 1.5883zm-5.2874-2.2361c0 .2925-.1184.4388-.3553.4388-.2368 0-.7036-.1184-1.4002-.3552a545.5275 545.5275 0 0 0-2.5705-.8778C4.8764 9.488 2.9119 8.7565 2.0063 8.2968.6688 7.614 0 6.8478 0 5.9979c0-.8917.627-1.3375 1.8809-1.3375.5015 0 1.3862.3901 2.6541 1.1703 1.0031.627 2.6193 1.7416 4.8485 3.3438.1672.1115.8568.5852 2.069 1.4211.5155.3483.7732.5782.7732.6897z\" fill=\"currentColor\"\/><\/svg>\n<\/span>\n            <\/div>\n            <div class=\"c-separator__line c-separator__line--right\"><\/div>\n            <div class=\"c-separator__arrow c-separator__arrow--right\"><\/div>\n        <\/div>\n\t\t\t\t\t<\/div>\n\t\t\n\n\n<p class=\"is-style-lead\">Thermage system\u00ae es una terapia de radiofrecuencia (RF) no invasiva que puede suavizar, tensar y contornear la piel para una apariencia general m\u00e1s joven.<\/p>\n\n\n\n<p class=\"is-style-lead\">Un tratamiento r\u00e1pido de 30 a 90 minutos dependiendo del \u00e1rea de tratamiento,  puede brindar resultados sobresalientes para la mayor\u00eda de los pacientes.<\/p>\n\n\t\t\t\t\t\t\t\t\t<\/div>\n\t\t\t\t\t\t\t\t<\/div>\n\t\t\t\t\t\t\t\t\t                    <div class=\"novablocks-media__aside\">\n\t\t\t                    <div class=\"novablocks-advanced-gallery\" data-media-position='right' data-vertical-alignment='center' data-style-preset='just-my-style' data-size-contrast='80' data-position-shift='65' data-elements-distance='60' data-placement-variation='100' data-defaults-generated='1' data-align='full' data-block-style='basic' data-content-style='moderate' data-horizontal-alignment='center' data-emphasis-area='100' data-content-area-width='50' data-balance-emphasis='0' data-balance-focal-point='content' data-layout-preset='stable' data-upgraded-to-moderate='' data-style='default' data-accent-color='primary' data-template-inserted='' data-image-rotation='0' data-image-resizing='cropped' data-container-height='50' data-object-position='50' data-emphasis-by-space='1' data-enable-overlapping='' data-layout-gutter='10' data-block-top-spacing='0' data-block-bottom-spacing='0' data-emphasis-top-spacing='1' data-emphasis-bottom-spacing='1' data-blobs-enable-mask='' data-blob-sides='3' data-blob-pattern-seed='3' data-blob-complexity='0' data-blob-smoothness='33' data-blob-rotation='0' data-blobs-enable-decoration='' data-blob-mask-sides='3' data-blob-mask-pattern-seed='3' data-blob-mask-complexity='0' data-blob-mask-smoothness='33' data-blob-mask-rotation='0' data-blobs-size-balance='50' data-blobs-horizontal-displacement='50' data-blobs-vertical-displacement='50'><div class=\"novablocks-advanced-gallery__grid\"><div class=\"novablocks-advanced-gallery__grid-item\"><div class=\"novablocks-advanced-gallery__grid-item-media\"><img class=\"novablocks-advanced-gallery__image\" src=\"https:\/\/juarezplasticsurgery.com\/wp-content\/uploads\/2020\/08\/Thermage-adas-nostiepsana-371x347-1.png\" \/><\/div><div class=\"novablocks-advanced-gallery__grid-item-info\"><div class=\"novablocks-advanced-gallery__grid-item-caption\">Thermage<\/div><\/div><\/div><\/div><\/div>\t\t                    <\/div>\n\t\t                <\/div>\n\t\t            <\/div>\n\t            <\/div>\n            <\/div>\n        <\/div>\n\n\t\t\n\n\n<h2 class=\"has-text-align-center\">\u00bfC\u00f3mo funciona?<\/h2>\n\n\n\n<p class=\"is-style-lead\">A medida que envejecemos, el col\u00e1geno que mantiene firme nuestra piel se descompone y da como resultado una piel envejecida que contiene l\u00edneas finas y arrugas. Un tratamiento con Thermage FLX \u2122 utiliza tecnolog\u00eda de radiofrecuencia para calentar las capas m\u00e1s profundas de la piel, ricas en col\u00e1geno.<\/p>\n\n\n\n<p class=\"is-style-lead\">El calor aplicado hace que el col\u00e1geno se contraiga y estimula el crecimiento de col\u00e1geno nuevo. Esto ayuda a crear una piel m\u00e1s suave despu\u00e9s de un solo tratamiento con resultados que contin\u00faan mejorando.<\/p>\n\n\n\n<h2 class=\"wp-block-novablocks-headline c-headline has-text-align-center\"><span class=\"c-headline__secondary\"><\/span> <span class=\"c-headline__primary\">\u00bf<strong>Cu\u00e1nto<\/strong> tiempo dura el efecto del tratamiento?<\/span><\/h2>\n\n\n\n<p class=\"is-style-lead\">Para la mayor\u00eda de los pacientes, los resultados medibles aparecen gradualmente en los dos a seis meses posteriores a una sola sesi\u00f3n de tratamiento y pueden durar de 1 a 2 a\u00f1os, seg\u00fan la condici\u00f3n de su piel y el proceso de envejecimiento. *\n<\/p>\n","protected":false},"excerpt":{"rendered":"<p>\u00bfC\u00f3mo funciona? A medida que envejecemos, el col\u00e1geno que mantiene firme nuestra piel se descompone y da como resultado una piel envejecida que contiene l\u00edneas [&hellip;]<\/p>\n","protected":false},"author":2,"featured_media":0,"parent":0,"menu_order":0,"comment_status":"closed","ping_status":"closed","template":"","meta":{"novablocks_hero_scroll_indicator":false,"novablocks_hero_position_indicators":false},"yoast_head":"<!-- This site is optimized with the Yoast SEO plugin v15.1.1 - https:\/\/yoast.com\/wordpress\/plugins\/seo\/ -->\n<title>Thermage cuerpo y cara - Ju\u00e1rez Lazer<\/title>\n<meta name=\"description\" content=\"Disminuye los signos visibles de envejecimiento en minutos con Thermage system. Es una terapia de radiofrecuencia (RF) no invasiva que puede suavizar, tensar y contornear la piel para una apariencia general m\u00e1s joven.\" \/>\n<meta name=\"robots\" content=\"index, follow, max-snippet:-1, max-image-preview:large, max-video-preview:-1\" \/>\n<link rel=\"canonical\" href=\"https:\/\/juarezplasticsurgery.com\/index.php\/thermage-cuerpo-y-cara\/\" \/>\n<meta property=\"og:locale\" content=\"en_US\" \/>\n<meta property=\"og:type\" content=\"article\" \/>\n<meta property=\"og:title\" content=\"Thermage cuerpo y cara - Ju\u00e1rez Lazer\" \/>\n<meta property=\"og:description\" content=\"Disminuye los signos visibles de envejecimiento en minutos con Thermage system. Es una terapia de radiofrecuencia (RF) no invasiva que puede suavizar, tensar y contornear la piel para una apariencia general m\u00e1s joven.\" \/>\n<meta property=\"og:url\" content=\"https:\/\/juarezplasticsurgery.com\/index.php\/thermage-cuerpo-y-cara\/\" \/>\n<meta property=\"og:site_name\" content=\"Ju\u00e1rez Lazer\" \/>\n<meta property=\"article:modified_time\" content=\"2020-08-10T00:24:41+00:00\" \/>\n<meta name=\"twitter:card\" content=\"summary_large_image\" \/>\n<script type=\"application\/ld+json\" class=\"yoast-schema-graph\">{\"@context\":\"https:\/\/schema.org\",\"@graph\":[{\"@type\":\"Organization\",\"@id\":\"https:\/\/juarezplasticsurgery.com\/#organization\",\"name\":\"Ju\\u00e1rez Lazer\",\"url\":\"https:\/\/juarezplasticsurgery.com\/\",\"sameAs\":[],\"logo\":{\"@type\":\"ImageObject\",\"@id\":\"https:\/\/juarezplasticsurgery.com\/#logo\",\"inLanguage\":\"en-US\",\"url\":\"https:\/\/juarezplasticsurgery.com\/wp-content\/uploads\/2020\/08\/IMG-20200812-WA0016-removebg-preview-1.png\",\"width\":757,\"height\":329,\"caption\":\"Ju\\u00e1rez Lazer\"},\"image\":{\"@id\":\"https:\/\/juarezplasticsurgery.com\/#logo\"}},{\"@type\":\"WebSite\",\"@id\":\"https:\/\/juarezplasticsurgery.com\/#website\",\"url\":\"https:\/\/juarezplasticsurgery.com\/\",\"name\":\"Ju\\u00e1rez Lazer\",\"description\":\"Cl\\u00ednica de Cirug\\u00eda Pl\\u00e1stica Est\\u00e9tica\",\"publisher\":{\"@id\":\"https:\/\/juarezplasticsurgery.com\/#organization\"},\"potentialAction\":[{\"@type\":\"SearchAction\",\"target\":\"https:\/\/juarezplasticsurgery.com\/?s={search_term_string}\",\"query-input\":\"required name=search_term_string\"}],\"inLanguage\":\"en-US\"},{\"@type\":\"WebPage\",\"@id\":\"https:\/\/juarezplasticsurgery.com\/index.php\/thermage-cuerpo-y-cara\/#webpage\",\"url\":\"https:\/\/juarezplasticsurgery.com\/index.php\/thermage-cuerpo-y-cara\/\",\"name\":\"Thermage cuerpo y cara - Ju\\u00e1rez Lazer\",\"isPartOf\":{\"@id\":\"https:\/\/juarezplasticsurgery.com\/#website\"},\"datePublished\":\"2020-08-09T22:40:56+00:00\",\"dateModified\":\"2020-08-10T00:24:41+00:00\",\"description\":\"Disminuye los signos visibles de envejecimiento en minutos con Thermage system. Es una terapia de radiofrecuencia (RF) no invasiva que puede suavizar, tensar y contornear la piel para una apariencia general m\\u00e1s joven.\",\"inLanguage\":\"en-US\",\"potentialAction\":[{\"@type\":\"ReadAction\",\"target\":[\"https:\/\/juarezplasticsurgery.com\/index.php\/thermage-cuerpo-y-cara\/\"]}]}]}<\/script>\n<!-- \/ Yoast SEO plugin. -->","_links":{"self":[{"href":"https:\/\/juarezplasticsurgery.com\/index.php\/wp-json\/wp\/v2\/pages\/2068"}],"collection":[{"href":"https:\/\/juarezplasticsurgery.com\/index.php\/wp-json\/wp\/v2\/pages"}],"about":[{"href":"https:\/\/juarezplasticsurgery.com\/index.php\/wp-json\/wp\/v2\/types\/page"}],"author":[{"embeddable":true,"href":"https:\/\/juarezplasticsurgery.com\/index.php\/wp-json\/wp\/v2\/users\/2"}],"replies":[{"embeddable":true,"href":"https:\/\/juarezplasticsurgery.com\/index.php\/wp-json\/wp\/v2\/comments?post=2068"}],"version-history":[{"count":1,"href":"https:\/\/juarezplasticsurgery.com\/index.php\/wp-json\/wp\/v2\/pages\/2068\/revisions"}],"predecessor-version":[{"id":2073,"href":"https:\/\/juarezplasticsurgery.com\/index.php\/wp-json\/wp\/v2\/pages\/2068\/revisions\/2073"}],"wp:attachment":[{"href":"https:\/\/juarezplasticsurgery.com\/index.php\/wp-json\/wp\/v2\/media?parent=2068"}],"curies":[{"name":"wp","href":"https:\/\/api.w.org\/{rel}","templated":true}]}}